{"id":26417,"date":"2023-09-11T17:23:04","date_gmt":"2023-09-11T15:23:04","guid":{"rendered":"https:\/\/www.tipee.ch\/?page_id=26417"},"modified":"2026-01-08T16:45:33","modified_gmt":"2026-01-08T15:45:33","slug":"unsere-verpflichtungen","status":"publish","type":"page","link":"https:\/\/www.tipee.ch\/de\/unternehmen\/unsere-verpflichtungen\/","title":{"rendered":"Unsere Verantwortung als Unternehmen"},"content":{"rendered":"\t\t<div data-elementor-type=\"wp-page\" data-elementor-id=\"26417\" class=\"elementor elementor-26417 elementor-22667\" data-elementor-post-type=\"page\">\n\t\t\t\t<div class=\"elementor-element elementor-element-e17a95d e-flex e-con-boxed e-con e-parent\" data-id=\"e17a95d\" data-element_type=\"container\" data-e-type=\"container\" data-settings=\"{&quot;background_background&quot;:&quot;gradient&quot;}\">\n\t\t\t\t\t<div class=\"e-con-inner\">\n\t\t<div class=\"elementor-element elementor-element-a898551 e-flex e-con-boxed e-con e-child\" data-id=\"a898551\" data-element_type=\"container\" data-e-type=\"container\" data-settings=\"{&quot;background_background&quot;:&quot;classic&quot;}\">\n\t\t\t\t\t<div class=\"e-con-inner\">\n\t\t\t\t<div class=\"elementor-element elementor-element-ca615bd elementor-widget elementor-widget-heading\" data-id=\"ca615bd\" data-element_type=\"widget\" data-e-type=\"widget\" data-widget_type=\"heading.default\">\n\t\t\t\t<div class=\"elementor-widget-container\">\n\t\t\t\t\t<h2 class=\"elementor-heading-title elementor-size-default\">Ein verantwortungs-bewusstes <strong>Team<\/strong><\/h2>\t\t\t\t<\/div>\n\t\t\t\t<\/div>\n\t\t\t\t<div class=\"elementor-element elementor-element-feb1ef3 elementor-widget elementor-widget-heading\" data-id=\"feb1ef3\" data-element_type=\"widget\" data-e-type=\"widget\" data-widget_type=\"heading.default\">\n\t\t\t\t<div class=\"elementor-widget-container\">\n\t\t\t\t\t<h3 class=\"elementor-heading-title elementor-size-default\">Bei tipee z&auml;hlen nur Taten!<\/h3>\t\t\t\t<\/div>\n\t\t\t\t<\/div>\n\t\t\t\t<div class=\"elementor-element elementor-element-2c07703 elementor-widget elementor-widget-text-editor\" data-id=\"2c07703\" data-element_type=\"widget\" data-e-type=\"widget\" data-widget_type=\"text-editor.default\">\n\t\t\t\t<div class=\"elementor-widget-container\">\n\t\t\t\t\t\t\t\t\t<p>Unser Unternehmen wurde 2022 B Corp-zertifiziert<span style=\"color: var( --e-global-color-3506c98 ); letter-spacing: -0.3px; background-color: transparent; word-spacing: var( --e-global-typography-fba33f8-word-spacing );\">. Soziale Verantwortung liegt in unserer DNA. Wir st\u00fctzen uns auf seit Langem etablierte nachhaltige Grunds\u00e4tze und Praktiken, um mit unseren Kunden, Mitarbeitenden, Partnern und unserer Community gemeinsame Werte zu schaffen. Dabei ber\u00fccksichtigen wir alle grossen sozialen und \u00f6kologischen Herausforderungen.<\/span><\/p>\t\t\t\t\t\t\t\t<\/div>\n\t\t\t\t<\/div>\n\t\t\t\t\t<\/div>\n\t\t\t\t<\/div>\n\t\t\t\t\t<\/div>\n\t\t\t\t<\/div>\n\t\t<div class=\"elementor-element elementor-element-ea054f8 e-flex e-con-boxed e-con e-parent\" data-id=\"ea054f8\" data-element_type=\"container\" data-e-type=\"container\">\n\t\t\t\t\t<div class=\"e-con-inner\">\n\t\t\t\t<div class=\"elementor-element elementor-element-11b6461 elementor-widget elementor-widget-heading\" data-id=\"11b6461\" data-element_type=\"widget\" data-e-type=\"widget\" data-widget_type=\"heading.default\">\n\t\t\t\t<div class=\"elementor-widget-container\">\n\t\t\t\t\t<h1 class=\"elementor-heading-title elementor-size-default\">Unser <strong>Engagement<\/strong>: vier Schwerpunkte<\/h1>\t\t\t\t<\/div>\n\t\t\t\t<\/div>\n\t\t<div class=\"elementor-element elementor-element-9302c2d e-grid e-con-boxed e-con e-child\" data-id=\"9302c2d\" data-element_type=\"container\" data-e-type=\"container\">\n\t\t\t\t\t<div class=\"e-con-inner\">\n\t\t<div class=\"elementor-element elementor-element-52d434a e-flex e-con-boxed e-con e-child\" data-id=\"52d434a\" data-element_type=\"container\" data-e-type=\"container\">\n\t\t\t\t\t<div class=\"e-con-inner\">\n\t\t\t\t<div class=\"elementor-element elementor-element-4b22d11 elementor-widget elementor-widget-heading\" data-id=\"4b22d11\" data-element_type=\"widget\" data-e-type=\"widget\" data-widget_type=\"heading.default\">\n\t\t\t\t<div class=\"elementor-widget-container\">\n\t\t\t\t\t<h2 class=\"elementor-heading-title elementor-size-default\">Eine positive lokale Wirkung erzielen<\/h2>\t\t\t\t<\/div>\n\t\t\t\t<\/div>\n\t\t\t\t<div class=\"elementor-element elementor-element-15c1d61 elementor-widget elementor-widget-text-editor\" data-id=\"15c1d61\" data-element_type=\"widget\" data-e-type=\"widget\" data-widget_type=\"text-editor.default\">\n\t\t\t\t<div class=\"elementor-widget-container\">\n\t\t\t\t\t\t\t\t\t<p>Unser Gesch\u00e4ft ist hier vor Ort. Wir haben uns bewusst daf\u00fcr entschieden, nicht mit Teams am anderen Ende der Welt zu arbeiten, weder in der Entwicklung noch im Callcenter \u2013 auch wenn die Arbeitskr\u00e4fte hier teurer sind. Denn wir sind der Meinung: Die Arbeit sollte immer dort stattfinden, wo auch der Mehrwert geschaffen wird.<\/p><p>Bei uns trifft die Zertifizierung \u00abSwiss Made\u00bb zu 100 % zu!<\/p><p>Aus den gleichen Gr\u00fcnden kaufen wir auch lokal ein, und zwar B\u00fcromaterial ebenso wie unsere Mahlzeiten. Und wenn m\u00f6glich, besorgen wir unsere Eink\u00e4ufe nat\u00fcrlich auch bei Kunden von tipee. Das ist ein positives \u00d6kosystem!<\/p>\t\t\t\t\t\t\t\t<\/div>\n\t\t\t\t<\/div>\n\t\t\t\t\t<\/div>\n\t\t\t\t<\/div>\n\t\t\t\t<div class=\"elementor-element elementor-element-92d0542 elementor-widget elementor-widget-image\" data-id=\"92d0542\" data-element_type=\"widget\" data-e-type=\"widget\" data-widget_type=\"image.default\">\n\t\t\t\t<div class=\"elementor-widget-container\">\n\t\t\t\t\t\t\t\t\t\t\t\t\t\t\t<img fetchpriority=\"high\" decoding=\"async\" width=\"800\" height=\"589\" src=\"https:\/\/www.tipee.ch\/wp-content\/uploads\/2023\/09\/tribu-engage-2-2.jpg\" class=\"attachment-large size-large wp-image-24606\" alt=\"Evenement tipee\" srcset=\"https:\/\/www.tipee.ch\/wp-content\/uploads\/2023\/09\/tribu-engage-2-2.jpg 906w, https:\/\/www.tipee.ch\/wp-content\/uploads\/2023\/09\/tribu-engage-2-2-300x221.jpg 300w, https:\/\/www.tipee.ch\/wp-content\/uploads\/2023\/09\/tribu-engage-2-2-768x565.jpg 768w\" sizes=\"(max-width: 800px) 100vw, 800px\" \/>\t\t\t\t\t\t\t\t\t\t\t\t\t\t\t<\/div>\n\t\t\t\t<\/div>\n\t\t\t\t\t<\/div>\n\t\t\t\t<\/div>\n\t\t<div class=\"elementor-element elementor-element-3923a2c e-grid e-con-boxed e-con e-child\" data-id=\"3923a2c\" data-element_type=\"container\" data-e-type=\"container\">\n\t\t\t\t\t<div class=\"e-con-inner\">\n\t\t\t\t<div class=\"elementor-element elementor-element-1cc26c9 elementor-widget elementor-widget-image\" data-id=\"1cc26c9\" data-element_type=\"widget\" data-e-type=\"widget\" data-widget_type=\"image.default\">\n\t\t\t\t<div class=\"elementor-widget-container\">\n\t\t\t\t\t\t\t\t\t\t\t\t\t\t\t<img decoding=\"async\" width=\"800\" height=\"523\" src=\"https:\/\/www.tipee.ch\/wp-content\/uploads\/2023\/11\/tribu-engage-3.jpg\" class=\"attachment-large size-large wp-image-26785\" alt=\"Equipe tipee\" srcset=\"https:\/\/www.tipee.ch\/wp-content\/uploads\/2023\/11\/tribu-engage-3.jpg 927w, https:\/\/www.tipee.ch\/wp-content\/uploads\/2023\/11\/tribu-engage-3-300x196.jpg 300w, https:\/\/www.tipee.ch\/wp-content\/uploads\/2023\/11\/tribu-engage-3-768x502.jpg 768w\" sizes=\"(max-width: 800px) 100vw, 800px\" \/>\t\t\t\t\t\t\t\t\t\t\t\t\t\t\t<\/div>\n\t\t\t\t<\/div>\n\t\t<div class=\"elementor-element elementor-element-bce1c92 e-flex e-con-boxed e-con e-child\" data-id=\"bce1c92\" data-element_type=\"container\" data-e-type=\"container\">\n\t\t\t\t\t<div class=\"e-con-inner\">\n\t\t\t\t<div class=\"elementor-element elementor-element-2ca8b95 elementor-widget elementor-widget-heading\" data-id=\"2ca8b95\" data-element_type=\"widget\" data-e-type=\"widget\" data-widget_type=\"heading.default\">\n\t\t\t\t<div class=\"elementor-widget-container\">\n\t\t\t\t\t<h2 class=\"elementor-heading-title elementor-size-default\">Ein inklusiver, attraktiver Arbeitgeber sein<\/h2>\t\t\t\t<\/div>\n\t\t\t\t<\/div>\n\t\t\t\t<div class=\"elementor-element elementor-element-7aaf83d elementor-widget elementor-widget-text-editor\" data-id=\"7aaf83d\" data-element_type=\"widget\" data-e-type=\"widget\" data-widget_type=\"text-editor.default\">\n\t\t\t\t<div class=\"elementor-widget-container\">\n\t\t\t\t\t\t\t\t\t<p>Schon seit unseren Anf&auml;ngen ist es uns ein Anliegen, unseren Mitarbeitenden angenehme, attraktive Arbeitsbedingungen zu bieten. Zu unserem gesellschaftlichen Engagement geh&ouml;rt auch, dass wir gr&ouml;ssten Wert auf das Wohlbefinden aller unserer Mitarbeitenden legen.<\/p>\n<p>Statt einer klassischen hierarchischen Struktur setzen wir auf eine partizipative Organisation, die auf einer flexiblen und kollaborativen Arbeitsweise beruht. In unserem von Respekt, Solidarit&auml;t und Offenheit gepr&auml;gten Arbeitsumfeld hat jeder seinen Platz, kann mitdenken und Ideen einbringen.<\/p>\n\t\t\t\t\t\t\t\t<\/div>\n\t\t\t\t<\/div>\n\t\t\t\t\t<\/div>\n\t\t\t\t<\/div>\n\t\t\t\t\t<\/div>\n\t\t\t\t<\/div>\n\t\t<div class=\"elementor-element elementor-element-e7504b0 e-grid e-con-boxed e-con e-child\" data-id=\"e7504b0\" data-element_type=\"container\" data-e-type=\"container\">\n\t\t\t\t\t<div class=\"e-con-inner\">\n\t\t<div class=\"elementor-element elementor-element-7b09147 e-flex e-con-boxed e-con e-child\" data-id=\"7b09147\" data-element_type=\"container\" data-e-type=\"container\" data-settings=\"{&quot;background_background&quot;:&quot;classic&quot;}\">\n\t\t\t\t\t<div class=\"e-con-inner\">\n\t\t\t\t<div class=\"elementor-element elementor-element-aba028e elementor-widget elementor-widget-heading\" data-id=\"aba028e\" data-element_type=\"widget\" data-e-type=\"widget\" data-widget_type=\"heading.default\">\n\t\t\t\t<div class=\"elementor-widget-container\">\n\t\t\t\t\t<h2 class=\"elementor-heading-title elementor-size-default\">Die Ausbildung in der Schweiz f&ouml;rdern<\/h2>\t\t\t\t<\/div>\n\t\t\t\t<\/div>\n\t\t\t\t<div class=\"elementor-element elementor-element-229e45e elementor-widget elementor-widget-text-editor\" data-id=\"229e45e\" data-element_type=\"widget\" data-e-type=\"widget\" data-widget_type=\"text-editor.default\">\n\t\t\t\t<div class=\"elementor-widget-container\">\n\t\t\t\t\t\t\t\t\t<p>Wir beteiligen uns aktiv an der Berufsausbildung in der Schweiz, indem wir Partnerschaften mit Berufs- und Fachschulen entwickeln und mindestens vier Lernende einstellen. Ausserdem f\u00f6rdern wir die duale Ausbildung bei Schweizer Unternehmen durch kostenlose Bereitstellung von Tools, welche die t\u00e4gliche Betreuung der Lernenden erreichen.<\/p><p>Intern investieren wir in die\u00a0Weiterbildung<span style=\"letter-spacing: -0.3px;\">\u00a0<\/span>unserer Mitarbeitenden. Die F\u00f6rderung von Aus- und Weiterbildung sehen wir als wesentlichen Teil unserer Verantwortung und unseres sozialen Engagements an.<\/p>\t\t\t\t\t\t\t\t<\/div>\n\t\t\t\t<\/div>\n\t\t\t\t\t<\/div>\n\t\t\t\t<\/div>\n\t\t\t\t<div class=\"elementor-element elementor-element-a706e0b elementor-widget elementor-widget-image\" data-id=\"a706e0b\" data-element_type=\"widget\" data-e-type=\"widget\" data-widget_type=\"image.default\">\n\t\t\t\t<div class=\"elementor-widget-container\">\n\t\t\t\t\t\t\t\t\t\t\t\t\t\t\t<img decoding=\"async\" width=\"800\" height=\"567\" src=\"https:\/\/www.tipee.ch\/wp-content\/uploads\/2023\/09\/tribu-engage-1-1.jpg\" class=\"attachment-large size-large wp-image-24356\" alt=\"apprenti tipee\" srcset=\"https:\/\/www.tipee.ch\/wp-content\/uploads\/2023\/09\/tribu-engage-1-1.jpg 939w, https:\/\/www.tipee.ch\/wp-content\/uploads\/2023\/09\/tribu-engage-1-1-300x213.jpg 300w, https:\/\/www.tipee.ch\/wp-content\/uploads\/2023\/09\/tribu-engage-1-1-768x545.jpg 768w\" sizes=\"(max-width: 800px) 100vw, 800px\" \/>\t\t\t\t\t\t\t\t\t\t\t\t\t\t\t<\/div>\n\t\t\t\t<\/div>\n\t\t\t\t\t<\/div>\n\t\t\t\t<\/div>\n\t\t<div class=\"elementor-element elementor-element-147fe53 e-grid e-con-boxed e-con e-child\" data-id=\"147fe53\" data-element_type=\"container\" data-e-type=\"container\">\n\t\t\t\t\t<div class=\"e-con-inner\">\n\t\t\t\t<div class=\"elementor-element elementor-element-bf43a49 elementor-widget elementor-widget-image\" data-id=\"bf43a49\" data-element_type=\"widget\" data-e-type=\"widget\" data-widget_type=\"image.default\">\n\t\t\t\t<div class=\"elementor-widget-container\">\n\t\t\t\t\t\t\t\t\t\t\t\t\t\t\t<img loading=\"lazy\" decoding=\"async\" width=\"800\" height=\"523\" src=\"https:\/\/www.tipee.ch\/wp-content\/uploads\/2023\/09\/tribu-engage-4-1024x670.jpg\" class=\"attachment-large size-large wp-image-24363\" alt=\"image d\u00e9mo \u00e0 distance tipee\" srcset=\"https:\/\/www.tipee.ch\/wp-content\/uploads\/2023\/09\/tribu-engage-4-1024x670.jpg 1024w, https:\/\/www.tipee.ch\/wp-content\/uploads\/2023\/09\/tribu-engage-4-300x196.jpg 300w, https:\/\/www.tipee.ch\/wp-content\/uploads\/2023\/09\/tribu-engage-4-768x502.jpg 768w, https:\/\/www.tipee.ch\/wp-content\/uploads\/2023\/09\/tribu-engage-4.jpg 1026w\" sizes=\"(max-width: 800px) 100vw, 800px\" \/>\t\t\t\t\t\t\t\t\t\t\t\t\t\t\t<\/div>\n\t\t\t\t<\/div>\n\t\t<div class=\"elementor-element elementor-element-07ca706 e-flex e-con-boxed e-con e-child\" data-id=\"07ca706\" data-element_type=\"container\" data-e-type=\"container\">\n\t\t\t\t\t<div class=\"e-con-inner\">\n\t\t\t\t<div class=\"elementor-element elementor-element-9ec2351 elementor-widget elementor-widget-heading\" data-id=\"9ec2351\" data-element_type=\"widget\" data-e-type=\"widget\" data-widget_type=\"heading.default\">\n\t\t\t\t<div class=\"elementor-widget-container\">\n\t\t\t\t\t<h2 class=\"elementor-heading-title elementor-size-default\">Den CO2-Fussabdruck senken<\/h2>\t\t\t\t<\/div>\n\t\t\t\t<\/div>\n\t\t\t\t<div class=\"elementor-element elementor-element-6c8bdbe elementor-widget elementor-widget-text-editor\" data-id=\"6c8bdbe\" data-element_type=\"widget\" data-e-type=\"widget\" data-widget_type=\"text-editor.default\">\n\t\t\t\t<div class=\"elementor-widget-container\">\n\t\t\t\t\t\t\t\t\t<p>Ausgehend von unserer 2022 mit Unterst&uuml;tzung von Climate Services erstellten CO2-Bilanz haben wir uns im Rahmen des Programms Swiss Triple Impact verpflichtet, unsere CO2-Emissionen pro VZ&Auml; bis 2030 f&uuml;r Scope 1, 2 und 3 um 50&nbsp;% zu senken.<\/p>\n<p>71&nbsp;% unserer CO2-Emissionen entfallen auf Mobilit&auml;t: 51&nbsp;% auf das Pendeln und 20&nbsp;% auf Gesch&auml;ftsreisen. Deshalb fokussieren wir unsere Bem&uuml;hungen auf diesen Bereich. So haben wir ein \u00abMobilit&auml;tsteam\u00bb zusammengestellt, das die Verantwortung daf&uuml;r tr&auml;gt, gemeinsame Massnahmen zur Senkung des CO2-Fussabdrucks bei Pendelfahrten zu identifizieren. Ausserdem beschr&auml;nken wir Gesch&auml;ftsreisen auf ein Minimum und bevorzugen Demos und Schulungen per Videokonferenz.<\/p>\t\t\t\t\t\t\t\t<\/div>\n\t\t\t\t<\/div>\n\t\t\t\t\t<\/div>\n\t\t\t\t<\/div>\n\t\t\t\t\t<\/div>\n\t\t\t\t<\/div>\n\t\t\t\t\t<\/div>\n\t\t\t\t<\/div>\n\t\t<div class=\"elementor-element elementor-element-86a7f36 e-flex e-con-boxed e-con e-parent\" data-id=\"86a7f36\" data-element_type=\"container\" data-e-type=\"container\" data-settings=\"{&quot;background_background&quot;:&quot;classic&quot;}\">\n\t\t\t\t\t<div class=\"e-con-inner\">\n\t\t\t\t<div class=\"elementor-element elementor-element-716b0d3 elementor-widget elementor-widget-heading\" data-id=\"716b0d3\" data-element_type=\"widget\" data-e-type=\"widget\" data-widget_type=\"heading.default\">\n\t\t\t\t<div class=\"elementor-widget-container\">\n\t\t\t\t\t<h2 class=\"elementor-heading-title elementor-size-default\"><strong>Zertifizierungen<\/strong> und&nbsp;<strong>Labels<\/strong><\/h2>\t\t\t\t<\/div>\n\t\t\t\t<\/div>\n\t\t<div class=\"elementor-element elementor-element-ac6cceb e-grid e-con-boxed e-con e-child\" data-id=\"ac6cceb\" data-element_type=\"container\" data-e-type=\"container\" data-settings=\"{&quot;background_background&quot;:&quot;classic&quot;}\">\n\t\t\t\t\t<div class=\"e-con-inner\">\n\t\t<div class=\"elementor-element elementor-element-44d758c e-flex e-con-boxed e-con e-child\" data-id=\"44d758c\" data-element_type=\"container\" data-e-type=\"container\">\n\t\t\t\t\t<div class=\"e-con-inner\">\n\t\t\t\t<div class=\"elementor-element elementor-element-afaae2e elementor-widget elementor-widget-image\" data-id=\"afaae2e\" data-element_type=\"widget\" data-e-type=\"widget\" data-widget_type=\"image.default\">\n\t\t\t\t<div class=\"elementor-widget-container\">\n\t\t\t\t\t\t\t\t\t\t\t\t\t\t\t<img loading=\"lazy\" decoding=\"async\" width=\"206\" height=\"205\" src=\"https:\/\/www.tipee.ch\/wp-content\/uploads\/2023\/09\/bcorp-1.png\" class=\"attachment-large size-large wp-image-23492\" alt=\"b corp certification\" srcset=\"https:\/\/www.tipee.ch\/wp-content\/uploads\/2023\/09\/bcorp-1.png 206w, https:\/\/www.tipee.ch\/wp-content\/uploads\/2023\/09\/bcorp-1-150x150.png 150w\" sizes=\"(max-width: 206px) 100vw, 206px\" \/>\t\t\t\t\t\t\t\t\t\t\t\t\t\t\t<\/div>\n\t\t\t\t<\/div>\n\t\t\t\t<div class=\"elementor-element elementor-element-6062133 elementor-widget elementor-widget-text-editor\" data-id=\"6062133\" data-element_type=\"widget\" data-e-type=\"widget\" data-widget_type=\"text-editor.default\">\n\t\t\t\t<div class=\"elementor-widget-container\">\n\t\t\t\t\t\t\t\t\t<p>B\u00a0Corp-Zertifizierung<\/p>\t\t\t\t\t\t\t\t<\/div>\n\t\t\t\t<\/div>\n\t\t\t\t\t<\/div>\n\t\t\t\t<\/div>\n\t\t<div class=\"elementor-element elementor-element-8949e0b e-flex e-con-boxed e-con e-child\" data-id=\"8949e0b\" data-element_type=\"container\" data-e-type=\"container\">\n\t\t\t\t\t<div class=\"e-con-inner\">\n\t\t\t\t<div class=\"elementor-element elementor-element-d158d3a elementor-widget elementor-widget-image\" data-id=\"d158d3a\" data-element_type=\"widget\" data-e-type=\"widget\" data-widget_type=\"image.default\">\n\t\t\t\t<div class=\"elementor-widget-container\">\n\t\t\t\t\t\t\t\t\t\t\t\t\t\t\t<img loading=\"lazy\" decoding=\"async\" width=\"205\" height=\"205\" src=\"https:\/\/www.tipee.ch\/wp-content\/uploads\/2023\/09\/swiss-made.png\" class=\"attachment-large size-large wp-image-23488\" alt=\"swiss made certification\" srcset=\"https:\/\/www.tipee.ch\/wp-content\/uploads\/2023\/09\/swiss-made.png 205w, https:\/\/www.tipee.ch\/wp-content\/uploads\/2023\/09\/swiss-made-150x150.png 150w\" sizes=\"(max-width: 205px) 100vw, 205px\" \/>\t\t\t\t\t\t\t\t\t\t\t\t\t\t\t<\/div>\n\t\t\t\t<\/div>\n\t\t\t\t<div class=\"elementor-element elementor-element-de55729 elementor-widget elementor-widget-text-editor\" data-id=\"de55729\" data-element_type=\"widget\" data-e-type=\"widget\" data-widget_type=\"text-editor.default\">\n\t\t\t\t<div class=\"elementor-widget-container\">\n\t\t\t\t\t\t\t\t\t<p>Swiss Made<\/p>\n\t\t\t\t\t\t\t\t<\/div>\n\t\t\t\t<\/div>\n\t\t\t\t\t<\/div>\n\t\t\t\t<\/div>\n\t\t<div class=\"elementor-element elementor-element-b7eea80 e-flex e-con-boxed e-con e-child\" data-id=\"b7eea80\" data-element_type=\"container\" data-e-type=\"container\">\n\t\t\t\t\t<div class=\"e-con-inner\">\n\t\t\t\t<div class=\"elementor-element elementor-element-182ee6c elementor-widget elementor-widget-image\" data-id=\"182ee6c\" data-element_type=\"widget\" data-e-type=\"widget\" data-widget_type=\"image.default\">\n\t\t\t\t<div class=\"elementor-widget-container\">\n\t\t\t\t\t\t\t\t\t\t\t\t\t\t\t<img loading=\"lazy\" decoding=\"async\" width=\"205\" height=\"205\" src=\"https:\/\/www.tipee.ch\/wp-content\/uploads\/2023\/09\/sti.png\" class=\"attachment-large size-large wp-image-23486\" alt=\"swiss triple impact certification\" srcset=\"https:\/\/www.tipee.ch\/wp-content\/uploads\/2023\/09\/sti.png 205w, https:\/\/www.tipee.ch\/wp-content\/uploads\/2023\/09\/sti-150x150.png 150w\" sizes=\"(max-width: 205px) 100vw, 205px\" \/>\t\t\t\t\t\t\t\t\t\t\t\t\t\t\t<\/div>\n\t\t\t\t<\/div>\n\t\t\t\t<div class=\"elementor-element elementor-element-56b6185 elementor-widget elementor-widget-text-editor\" data-id=\"56b6185\" data-element_type=\"widget\" data-e-type=\"widget\" data-widget_type=\"text-editor.default\">\n\t\t\t\t<div class=\"elementor-widget-container\">\n\t\t\t\t\t\t\t\t\t<p>Swiss Triple Impact<\/p>\n\t\t\t\t\t\t\t\t<\/div>\n\t\t\t\t<\/div>\n\t\t\t\t\t<\/div>\n\t\t\t\t<\/div>\n\t\t<div class=\"elementor-element elementor-element-5e0bd6e e-flex e-con-boxed e-con e-child\" data-id=\"5e0bd6e\" data-element_type=\"container\" data-e-type=\"container\">\n\t\t\t\t\t<div class=\"e-con-inner\">\n\t\t\t\t<div class=\"elementor-element elementor-element-e186144 elementor-widget elementor-widget-image\" data-id=\"e186144\" data-element_type=\"widget\" data-e-type=\"widget\" data-widget_type=\"image.default\">\n\t\t\t\t<div class=\"elementor-widget-container\">\n\t\t\t\t\t\t\t\t\t\t\t\t\t\t\t<img loading=\"lazy\" decoding=\"async\" width=\"205\" height=\"205\" src=\"https:\/\/www.tipee.ch\/wp-content\/uploads\/2023\/09\/formation.png\" class=\"attachment-large size-large wp-image-23484\" alt=\"entreprise formatrices certifi\u00e9e\" srcset=\"https:\/\/www.tipee.ch\/wp-content\/uploads\/2023\/09\/formation.png 205w, https:\/\/www.tipee.ch\/wp-content\/uploads\/2023\/09\/formation-150x150.png 150w\" sizes=\"(max-width: 205px) 100vw, 205px\" \/>\t\t\t\t\t\t\t\t\t\t\t\t\t\t\t<\/div>\n\t\t\t\t<\/div>\n\t\t\t\t<div class=\"elementor-element elementor-element-bb8c044 elementor-widget elementor-widget-text-editor\" data-id=\"bb8c044\" data-element_type=\"widget\" data-e-type=\"widget\" data-widget_type=\"text-editor.default\">\n\t\t\t\t<div class=\"elementor-widget-container\">\n\t\t\t\t\t\t\t\t\t<p>Lehrbetrieb<\/p>\n\t\t\t\t\t\t\t\t<\/div>\n\t\t\t\t<\/div>\n\t\t\t\t\t<\/div>\n\t\t\t\t<\/div>\n\t\t\t\t\t<\/div>\n\t\t\t\t<\/div>\n\t\t\t\t\t<\/div>\n\t\t\t\t<\/div>\n\t\t\t\t<\/div>\n\t\t","protected":false},"excerpt":{"rendered":"<p>Ein verantwortungs-bewusstes Team Bei tipee z&auml;hlen nur Taten! Unser Unternehmen wurde 2022 B Corp-zertifiziert. Soziale Verantwortung liegt in unserer DNA. Wir st\u00fctzen uns auf seit Langem etablierte nachhaltige Grunds\u00e4tze und Praktiken, um mit unseren Kunden, Mitarbeitenden, Partnern und unserer Community gemeinsame Werte zu schaffen. Dabei ber\u00fccksichtigen wir alle grossen sozialen und \u00f6kologischen Herausforderungen. Unser Engagement: [&hellip;]<\/p>\n","protected":false},"author":1,"featured_media":24301,"parent":44687,"menu_order":0,"comment_status":"closed","ping_status":"closed","template":"","meta":{"footnotes":""},"categories":[219],"tags":[],"class_list":["post-26417","page","type-page","status-publish","has-post-thumbnail","hentry","category-unternehmen"],"_links":{"self":[{"href":"https:\/\/www.tipee.ch\/de\/wp-json\/wp\/v2\/pages\/26417","targetHints":{"allow":["GET"]}}],"collection":[{"href":"https:\/\/www.tipee.ch\/de\/wp-json\/wp\/v2\/pages"}],"about":[{"href":"https:\/\/www.tipee.ch\/de\/wp-json\/wp\/v2\/types\/page"}],"author":[{"embeddable":true,"href":"https:\/\/www.tipee.ch\/de\/wp-json\/wp\/v2\/users\/1"}],"replies":[{"embeddable":true,"href":"https:\/\/www.tipee.ch\/de\/wp-json\/wp\/v2\/comments?post=26417"}],"version-history":[{"count":25,"href":"https:\/\/www.tipee.ch\/de\/wp-json\/wp\/v2\/pages\/26417\/revisions"}],"predecessor-version":[{"id":29542,"href":"https:\/\/www.tipee.ch\/de\/wp-json\/wp\/v2\/pages\/26417\/revisions\/29542"}],"up":[{"embeddable":true,"href":"https:\/\/www.tipee.ch\/de\/wp-json\/wp\/v2\/pages\/44687"}],"wp:featuredmedia":[{"embeddable":true,"href":"https:\/\/www.tipee.ch\/de\/wp-json\/wp\/v2\/media\/24301"}],"wp:attachment":[{"href":"https:\/\/www.tipee.ch\/de\/wp-json\/wp\/v2\/media?parent=26417"}],"wp:term":[{"taxonomy":"category","embeddable":true,"href":"https:\/\/www.tipee.ch\/de\/wp-json\/wp\/v2\/categories?post=26417"},{"taxonomy":"post_tag","embeddable":true,"href":"https:\/\/www.tipee.ch\/de\/wp-json\/wp\/v2\/tags?post=26417"}],"curies":[{"name":"wp","href":"https:\/\/api.w.org\/{rel}","templated":true}]}}