{"id":26936,"date":"2023-06-15T09:12:56","date_gmt":"2023-06-15T07:12:56","guid":{"rendered":"https:\/\/www.tipee.ch\/?page_id=26936"},"modified":"2025-11-06T15:58:57","modified_gmt":"2025-11-06T14:58:57","slug":"branchen-und-taetigkeitsfelder","status":"publish","type":"page","link":"https:\/\/www.tipee.ch\/de\/branchen-und-taetigkeitsfelder\/","title":{"rendered":"Branchen und T\u00e4tigkeitsfelderbranchen"},"content":{"rendered":"\t\t<div data-elementor-type=\"wp-page\" data-elementor-id=\"26936\" class=\"elementor elementor-26936 elementor-19533\" data-elementor-post-type=\"page\">\n\t\t\t\t\t\t<section class=\"elementor-section elementor-top-section elementor-element elementor-element-08877ac hero-banner elementor-section-boxed elementor-section-height-default elementor-section-height-default\" data-id=\"08877ac\" data-element_type=\"section\" data-e-type=\"section\" data-settings=\"{&quot;background_background&quot;:&quot;gradient&quot;}\">\n\t\t\t\t\t\t\t<div class=\"elementor-background-overlay\"><\/div>\n\t\t\t\t\t\t\t<div class=\"elementor-container elementor-column-gap-no\">\n\t\t\t\t\t<div class=\"elementor-column elementor-col-100 elementor-top-column elementor-element elementor-element-97b9318\" data-id=\"97b9318\" data-element_type=\"column\" data-e-type=\"column\" data-settings=\"{&quot;background_background&quot;:&quot;classic&quot;}\">\n\t\t\t<div class=\"elementor-widget-wrap elementor-element-populated\">\n\t\t\t\t\t\t<div class=\"elementor-element elementor-element-2500b17 elementor-widget elementor-widget-heading\" data-id=\"2500b17\" data-element_type=\"widget\" data-e-type=\"widget\" data-widget_type=\"heading.default\">\n\t\t\t\t<div class=\"elementor-widget-container\">\n\t\t\t\t\t<h1 class=\"elementor-heading-title elementor-size-default\">tipee f\u00fcr alle <br><strong>T\u00e4tigkeitsfelder<\/strong><\/h1>\t\t\t\t<\/div>\n\t\t\t\t<\/div>\n\t\t\t\t<div class=\"elementor-element elementor-element-41bc98e elementor-widget elementor-widget-heading\" data-id=\"41bc98e\" data-element_type=\"widget\" data-e-type=\"widget\" data-widget_type=\"heading.default\">\n\t\t\t\t<div class=\"elementor-widget-container\">\n\t\t\t\t\t<h2 class=\"elementor-heading-title elementor-size-default\">tipee ist eine Applikation, die unter Ber\u00fccksichtigung der spezifischen Anforderungen jeder Branche und jedes T\u00e4tigkeitsfeldes entwickelt wurde. Entdecken Sie, wie tipee Sie abh\u00e4ngig von Ihrem Bereich beim HR-Management unterst\u00fctzen kann.<\/h2>\t\t\t\t<\/div>\n\t\t\t\t<\/div>\n\t\t\t\t<div class=\"elementor-element elementor-element-9e6e09a elementor-widget__width-auto conv elementor-align-left elementor-widget elementor-widget-global elementor-global-21251 elementor-global-830 elementor-widget-button\" data-id=\"9e6e09a\" data-element_type=\"widget\" data-e-type=\"widget\" id=\"bouton_demo_conseil\" data-widget_type=\"button.default\">\n\t\t\t\t<div class=\"elementor-widget-container\">\n\t\t\t\t\t\t\t\t\t<div class=\"elementor-button-wrapper\">\n\t\t\t\t\t<a class=\"elementor-button elementor-button-link elementor-size-sm\" href=\"#elementor-action%3Aaction%3Dpopup%3Aopen%26settings%3DeyJpZCI6MjEzNTcsInRvZ2dsZSI6ZmFsc2V9\" id=\"conversion\">\n\t\t\t\t\t\t<span class=\"elementor-button-content-wrapper\">\n\t\t\t\t\t\t<span class=\"elementor-button-icon\">\n\t\t\t\t<svg aria-hidden=\"true\" class=\"e-font-icon-svg e-far-user\" viewBox=\"0 0 448 512\" xmlns=\"http:\/\/www.w3.org\/2000\/svg\"><path d=\"M313.6 304c-28.7 0-42.5 16-89.6 16-47.1 0-60.8-16-89.6-16C60.2 304 0 364.2 0 438.4V464c0 26.5 21.5 48 48 48h352c26.5 0 48-21.5 48-48v-25.6c0-74.2-60.2-134.4-134.4-134.4zM400 464H48v-25.6c0-47.6 38.8-86.4 86.4-86.4 14.6 0 38.3 16 89.6 16 51.7 0 74.9-16 89.6-16 47.6 0 86.4 38.8 86.4 86.4V464zM224 288c79.5 0 144-64.5 144-144S303.5 0 224 0 80 64.5 80 144s64.5 144 144 144zm0-240c52.9 0 96 43.1 96 96s-43.1 96-96 96-96-43.1-96-96 43.1-96 96-96z\"><\/path><\/svg>\t\t\t<\/span>\n\t\t\t\t\t\t\t\t\t<span class=\"elementor-button-text\">Demo buchen<\/span>\n\t\t\t\t\t<\/span>\n\t\t\t\t\t<\/a>\n\t\t\t\t<\/div>\n\t\t\t\t\t\t\t\t<\/div>\n\t\t\t\t<\/div>\n\t\t\t\t<div class=\"elementor-element elementor-element-f08a940 elementor-widget__width-auto elementor-widget elementor-widget-global elementor-global-21053 elementor-global-18317 elementor-widget-button\" data-id=\"f08a940\" data-element_type=\"widget\" data-e-type=\"widget\" data-widget_type=\"button.default\">\n\t\t\t\t<div class=\"elementor-widget-container\">\n\t\t\t\t\t\t\t\t\t<div class=\"elementor-button-wrapper\">\n\t\t\t\t\t<a class=\"elementor-button elementor-button-link elementor-size-sm\" href=\"#form-zoho\">\n\t\t\t\t\t\t<span class=\"elementor-button-content-wrapper\">\n\t\t\t\t\t\t<span class=\"elementor-button-icon\">\n\t\t\t\t<svg aria-hidden=\"true\" class=\"e-font-icon-svg e-far-comment\" viewBox=\"0 0 512 512\" xmlns=\"http:\/\/www.w3.org\/2000\/svg\"><path d=\"M256 32C114.6 32 0 125.1 0 240c0 47.6 19.9 91.2 52.9 126.3C38 405.7 7 439.1 6.5 439.5c-6.6 7-8.4 17.2-4.6 26S14.4 480 24 480c61.5 0 110-25.7 139.1-46.3C192 442.8 223.2 448 256 448c141.4 0 256-93.1 256-208S397.4 32 256 32zm0 368c-26.7 0-53.1-4.1-78.4-12.1l-22.7-7.2-19.5 13.8c-14.3 10.1-33.9 21.4-57.5 29 7.3-12.1 14.4-25.7 19.9-40.2l10.6-28.1-20.6-21.8C69.7 314.1 48 282.2 48 240c0-88.2 93.3-160 208-160s208 71.8 208 160-93.3 160-208 160z\"><\/path><\/svg>\t\t\t<\/span>\n\t\t\t\t\t\t\t\t\t<span class=\"elementor-button-text\">Pers\u00f6nliche Beratung<\/span>\n\t\t\t\t\t<\/span>\n\t\t\t\t\t<\/a>\n\t\t\t\t<\/div>\n\t\t\t\t\t\t\t\t<\/div>\n\t\t\t\t<\/div>\n\t\t\t\t\t<\/div>\n\t\t<\/div>\n\t\t\t\t\t<\/div>\n\t\t<\/section>\n\t\t\t\t<section class=\"elementor-section elementor-top-section elementor-element elementor-element-0101199 elementor-section-boxed elementor-section-height-default elementor-section-height-default\" data-id=\"0101199\" data-element_type=\"section\" data-e-type=\"section\">\n\t\t\t\t\t\t<div class=\"elementor-container elementor-column-gap-default\">\n\t\t\t\t\t<div class=\"elementor-column elementor-col-100 elementor-top-column elementor-element elementor-element-64f250d\" data-id=\"64f250d\" data-element_type=\"column\" data-e-type=\"column\">\n\t\t\t<div class=\"elementor-widget-wrap elementor-element-populated\">\n\t\t\t\t\t\t<div class=\"elementor-element elementor-element-574276f elementor-grid-3 elementor-grid-tablet-2 elementor-grid-mobile-1 elementor-posts--thumbnail-top elementor-card-shadow-yes elementor-posts__hover-gradient elementor-widget elementor-widget-posts\" data-id=\"574276f\" data-element_type=\"widget\" data-e-type=\"widget\" data-settings=\"{&quot;cards_masonry&quot;:&quot;yes&quot;,&quot;cards_row_gap&quot;:{&quot;unit&quot;:&quot;px&quot;,&quot;size&quot;:30,&quot;sizes&quot;:[]},&quot;cards_columns&quot;:&quot;3&quot;,&quot;cards_columns_tablet&quot;:&quot;2&quot;,&quot;cards_columns_mobile&quot;:&quot;1&quot;,&quot;cards_row_gap_tablet&quot;:{&quot;unit&quot;:&quot;px&quot;,&quot;size&quot;:&quot;&quot;,&quot;sizes&quot;:[]},&quot;cards_row_gap_mobile&quot;:{&quot;unit&quot;:&quot;px&quot;,&quot;size&quot;:&quot;&quot;,&quot;sizes&quot;:[]}}\" data-widget_type=\"posts.cards\">\n\t\t\t\t<div class=\"elementor-widget-container\">\n\t\t\t\t\t\t\t<div class=\"elementor-posts-container elementor-posts elementor-posts--skin-cards elementor-grid\" role=\"list\">\n\t\t\t\t<article class=\"elementor-post elementor-grid-item post-23511 page type-page status-publish has-post-thumbnail hentry category-branchen-und-taetigkeitsfelder\" role=\"listitem\">\n\t\t\t<div class=\"elementor-post__card\">\n\t\t\t\t<a class=\"elementor-post__thumbnail__link\" href=\"https:\/\/www.tipee.ch\/de\/branchen-und-taetigkeitsfelder\/gemeinden\/\" tabindex=\"-1\" target=\"_blank\"><div class=\"elementor-post__thumbnail\"><img fetchpriority=\"high\" decoding=\"async\" width=\"600\" height=\"369\" src=\"https:\/\/www.tipee.ch\/wp-content\/uploads\/2023\/05\/Voirie-header-communes-thumbnail.jpg\" class=\"attachment-full size-full wp-image-20358\" alt=\"clients tipee commune\" srcset=\"https:\/\/www.tipee.ch\/wp-content\/uploads\/2023\/05\/Voirie-header-communes-thumbnail.jpg 600w, https:\/\/www.tipee.ch\/wp-content\/uploads\/2023\/05\/Voirie-header-communes-thumbnail-300x185.jpg 300w\" sizes=\"(max-width: 600px) 100vw, 600px\" \/><\/div><\/a>\n\t\t\t\t<div class=\"elementor-post__text\">\n\t\t\t\t<h3 class=\"elementor-post__title\">\n\t\t\t<a href=\"https:\/\/www.tipee.ch\/de\/branchen-und-taetigkeitsfelder\/gemeinden\/\" target=&quot;_blank&quot;>\n\t\t\t\tGemeinden\t\t\t<\/a>\n\t\t<\/h3>\n\t\t\t\t<div class=\"elementor-post__excerpt\">\n\t\t\t<p>Verwaltung verschiedener Dienststellen, Einsatzpl&auml;ne, Pikettdienst, Absenzen, Sitzungsgelder<\/p>\t\t<\/div>\n\t\t\n\t\t<a class=\"elementor-post__read-more\" href=\"https:\/\/www.tipee.ch\/de\/branchen-und-taetigkeitsfelder\/gemeinden\/\" aria-label=\"Read more about Gemeinden\" tabindex=\"-1\" target=\"_blank\">\n\t\t\tMehr erfahren \u00bb\t\t<\/a>\n\n\t\t\t\t<\/div>\n\t\t\t\t\t<\/div>\n\t\t<\/article>\n\t\t\t\t<article class=\"elementor-post elementor-grid-item post-23525 page type-page status-publish has-post-thumbnail hentry category-branchen-und-taetigkeitsfelder\" role=\"listitem\">\n\t\t\t<div class=\"elementor-post__card\">\n\t\t\t\t<a class=\"elementor-post__thumbnail__link\" href=\"https:\/\/www.tipee.ch\/de\/branchen-und-taetigkeitsfelder\/betreuungseinrichtungen\/\" tabindex=\"-1\" target=\"_blank\"><div class=\"elementor-post__thumbnail\"><img decoding=\"async\" width=\"600\" height=\"369\" src=\"https:\/\/www.tipee.ch\/wp-content\/uploads\/2023\/05\/header-tipee-creches-thumbnail.jpg\" class=\"attachment-full size-full wp-image-20354\" alt=\"clients tipee cr\u00e8ches et parascolaire\" srcset=\"https:\/\/www.tipee.ch\/wp-content\/uploads\/2023\/05\/header-tipee-creches-thumbnail.jpg 600w, https:\/\/www.tipee.ch\/wp-content\/uploads\/2023\/05\/header-tipee-creches-thumbnail-300x185.jpg 300w\" sizes=\"(max-width: 600px) 100vw, 600px\" \/><\/div><\/a>\n\t\t\t\t<div class=\"elementor-post__text\">\n\t\t\t\t<h3 class=\"elementor-post__title\">\n\t\t\t<a href=\"https:\/\/www.tipee.ch\/de\/branchen-und-taetigkeitsfelder\/betreuungseinrichtungen\/\" target=&quot;_blank&quot;>\n\t\t\t\tBetreuungseinrichtungen\t\t\t<\/a>\n\t\t<\/h3>\n\t\t\t\t<div class=\"elementor-post__excerpt\">\n\t\t\t<p>Einsatzplanung: Anwesenheiten und Absenzen, Organisation der mpA, Arbeitszeiterfassung<\/p>\t\t<\/div>\n\t\t\n\t\t<a class=\"elementor-post__read-more\" href=\"https:\/\/www.tipee.ch\/de\/branchen-und-taetigkeitsfelder\/betreuungseinrichtungen\/\" aria-label=\"Read more about Betreuungseinrichtungen\" tabindex=\"-1\" target=\"_blank\">\n\t\t\tMehr erfahren \u00bb\t\t<\/a>\n\n\t\t\t\t<\/div>\n\t\t\t\t\t<\/div>\n\t\t<\/article>\n\t\t\t\t<article class=\"elementor-post elementor-grid-item post-23544 page type-page status-publish has-post-thumbnail hentry category-branchen-und-taetigkeitsfelder\" role=\"listitem\">\n\t\t\t<div class=\"elementor-post__card\">\n\t\t\t\t<a class=\"elementor-post__thumbnail__link\" href=\"https:\/\/www.tipee.ch\/de\/branchen-und-taetigkeitsfelder\/bauberufe\/\" tabindex=\"-1\" target=\"_blank\"><div class=\"elementor-post__thumbnail\"><img decoding=\"async\" width=\"600\" height=\"369\" src=\"https:\/\/www.tipee.ch\/wp-content\/uploads\/2023\/05\/header-batiment-thumbnail.jpg\" class=\"attachment-full size-full wp-image-20356\" alt=\"clients tipee b\u00e2timent\" srcset=\"https:\/\/www.tipee.ch\/wp-content\/uploads\/2023\/05\/header-batiment-thumbnail.jpg 600w, https:\/\/www.tipee.ch\/wp-content\/uploads\/2023\/05\/header-batiment-thumbnail-300x185.jpg 300w\" sizes=\"(max-width: 600px) 100vw, 600px\" \/><\/div><\/a>\n\t\t\t\t<div class=\"elementor-post__text\">\n\t\t\t\t<h3 class=\"elementor-post__title\">\n\t\t\t<a href=\"https:\/\/www.tipee.ch\/de\/branchen-und-taetigkeitsfelder\/bauberufe\/\" target=&quot;_blank&quot;>\n\t\t\t\tBauberufe\t\t\t<\/a>\n\t\t<\/h3>\n\t\t\t\t<div class=\"elementor-post__excerpt\">\n\t\t\t<p>Zeiterfassung via Smartphone, Aufgliederung der Arbeitsstunden nach Baustellen, Verwaltung von Spesenabrechnungen<\/p>\t\t<\/div>\n\t\t\n\t\t<a class=\"elementor-post__read-more\" href=\"https:\/\/www.tipee.ch\/de\/branchen-und-taetigkeitsfelder\/bauberufe\/\" aria-label=\"Read more about Bauberufe\" tabindex=\"-1\" target=\"_blank\">\n\t\t\tMehr erfahren \u00bb\t\t<\/a>\n\n\t\t\t\t<\/div>\n\t\t\t\t\t<\/div>\n\t\t<\/article>\n\t\t\t\t<article class=\"elementor-post elementor-grid-item post-23683 page type-page status-publish has-post-thumbnail hentry category-branchen-und-taetigkeitsfelder\" role=\"listitem\">\n\t\t\t<div class=\"elementor-post__card\">\n\t\t\t\t<a class=\"elementor-post__thumbnail__link\" href=\"https:\/\/www.tipee.ch\/de\/branchen-und-taetigkeitsfelder\/gesundheitsberufe\/\" tabindex=\"-1\" target=\"_blank\"><div class=\"elementor-post__thumbnail\"><img loading=\"lazy\" decoding=\"async\" width=\"600\" height=\"368\" src=\"https:\/\/www.tipee.ch\/wp-content\/uploads\/2023\/05\/sante-medical-tipee-header-thumbnail.jpg\" class=\"attachment-full size-full wp-image-20352\" alt=\"clients tipee sant\u00e9\" srcset=\"https:\/\/www.tipee.ch\/wp-content\/uploads\/2023\/05\/sante-medical-tipee-header-thumbnail.jpg 600w, https:\/\/www.tipee.ch\/wp-content\/uploads\/2023\/05\/sante-medical-tipee-header-thumbnail-300x184.jpg 300w\" sizes=\"(max-width: 600px) 100vw, 600px\" \/><\/div><\/a>\n\t\t\t\t<div class=\"elementor-post__text\">\n\t\t\t\t<h3 class=\"elementor-post__title\">\n\t\t\t<a href=\"https:\/\/www.tipee.ch\/de\/branchen-und-taetigkeitsfelder\/gesundheitsberufe\/\" target=&quot;_blank&quot;>\n\t\t\t\tGesundheitsberufe\t\t\t<\/a>\n\t\t<\/h3>\n\t\t\t\t<div class=\"elementor-post__excerpt\">\n\t\t\t<p>Schichtplanung, Organisation von Wach- und Bereitschaftsdienst, Absenzenmanagement und Zulagen<\/p>\t\t<\/div>\n\t\t\n\t\t<a class=\"elementor-post__read-more\" href=\"https:\/\/www.tipee.ch\/de\/branchen-und-taetigkeitsfelder\/gesundheitsberufe\/\" aria-label=\"Read more about Gesundheitsberufe\" tabindex=\"-1\" target=\"_blank\">\n\t\t\tMehr erfahren \u00bb\t\t<\/a>\n\n\t\t\t\t<\/div>\n\t\t\t\t\t<\/div>\n\t\t<\/article>\n\t\t\t\t<article class=\"elementor-post elementor-grid-item post-23697 page type-page status-publish has-post-thumbnail hentry category-branchen-und-taetigkeitsfelder\" role=\"listitem\">\n\t\t\t<div class=\"elementor-post__card\">\n\t\t\t\t<a class=\"elementor-post__thumbnail__link\" href=\"https:\/\/www.tipee.ch\/de\/branchen-und-taetigkeitsfelder\/architekten-und-bauingenieure\/\" tabindex=\"-1\" target=\"_blank\"><div class=\"elementor-post__thumbnail\"><img loading=\"lazy\" decoding=\"async\" width=\"600\" height=\"368\" src=\"https:\/\/www.tipee.ch\/wp-content\/uploads\/2023\/05\/header-architectes-tipee-thumbnail.jpg\" class=\"attachment-full size-full wp-image-20348\" alt=\"clients tipee architectes\" srcset=\"https:\/\/www.tipee.ch\/wp-content\/uploads\/2023\/05\/header-architectes-tipee-thumbnail.jpg 600w, https:\/\/www.tipee.ch\/wp-content\/uploads\/2023\/05\/header-architectes-tipee-thumbnail-300x184.jpg 300w\" sizes=\"(max-width: 600px) 100vw, 600px\" \/><\/div><\/a>\n\t\t\t\t<div class=\"elementor-post__text\">\n\t\t\t\t<h3 class=\"elementor-post__title\">\n\t\t\t<a href=\"https:\/\/www.tipee.ch\/de\/branchen-und-taetigkeitsfelder\/architekten-und-bauingenieure\/\" target=&quot;_blank&quot;>\n\t\t\t\tArchitekten und Bauingenieure\t\t\t<\/a>\n\t\t<\/h3>\n\t\t\t\t<div class=\"elementor-post__excerpt\">\n\t\t\t<p>Arbeitszeiterfassung via Smartphone, Aufgliederung der Arbeitszeit nach Projekt, Absenzenmanagement, Spesenabrechnungen<\/p>\t\t<\/div>\n\t\t\n\t\t<a class=\"elementor-post__read-more\" href=\"https:\/\/www.tipee.ch\/de\/branchen-und-taetigkeitsfelder\/architekten-und-bauingenieure\/\" aria-label=\"Read more about Architekten und Bauingenieure\" tabindex=\"-1\" target=\"_blank\">\n\t\t\tMehr erfahren \u00bb\t\t<\/a>\n\n\t\t\t\t<\/div>\n\t\t\t\t\t<\/div>\n\t\t<\/article>\n\t\t\t\t<article class=\"elementor-post elementor-grid-item post-44465 page type-page status-publish has-post-thumbnail hentry category-branchen-und-taetigkeitsfelder\" role=\"listitem\">\n\t\t\t<div class=\"elementor-post__card\">\n\t\t\t\t<a class=\"elementor-post__thumbnail__link\" href=\"https:\/\/www.tipee.ch\/de\/branchen-und-taetigkeitsfelder\/gesundheitsberufe\/zeiterfassung-zahnarztpraxis\/\" tabindex=\"-1\" target=\"_blank\"><div class=\"elementor-post__thumbnail\"><img loading=\"lazy\" decoding=\"async\" width=\"600\" height=\"368\" src=\"https:\/\/www.tipee.ch\/wp-content\/uploads\/2023\/05\/sante-medical-tipee-header-thumbnail.jpg\" class=\"attachment-full size-full wp-image-20352\" alt=\"clients tipee sant\u00e9\" srcset=\"https:\/\/www.tipee.ch\/wp-content\/uploads\/2023\/05\/sante-medical-tipee-header-thumbnail.jpg 600w, https:\/\/www.tipee.ch\/wp-content\/uploads\/2023\/05\/sante-medical-tipee-header-thumbnail-300x184.jpg 300w\" sizes=\"(max-width: 600px) 100vw, 600px\" \/><\/div><\/a>\n\t\t\t\t<div class=\"elementor-post__text\">\n\t\t\t\t<h3 class=\"elementor-post__title\">\n\t\t\t<a href=\"https:\/\/www.tipee.ch\/de\/branchen-und-taetigkeitsfelder\/gesundheitsberufe\/zeiterfassung-zahnarztpraxis\/\" target=&quot;_blank&quot;>\n\t\t\t\tZeiterfassung Zahnarztpraxis\t\t\t<\/a>\n\t\t<\/h3>\n\t\t\t\t<div class=\"elementor-post__excerpt\">\n\t\t\t<p>Schichtplanung, Organisation von Wach- und Bereitschaftsdienst, Absenzenmanagement und Zulagen<\/p>\t\t<\/div>\n\t\t\n\t\t<a class=\"elementor-post__read-more\" href=\"https:\/\/www.tipee.ch\/de\/branchen-und-taetigkeitsfelder\/gesundheitsberufe\/zeiterfassung-zahnarztpraxis\/\" aria-label=\"Read more about Zeiterfassung Zahnarztpraxis\" tabindex=\"-1\" target=\"_blank\">\n\t\t\tMehr erfahren \u00bb\t\t<\/a>\n\n\t\t\t\t<\/div>\n\t\t\t\t\t<\/div>\n\t\t<\/article>\n\t\t\t\t<\/div>\n\t\t\n\t\t\t\t\t\t<\/div>\n\t\t\t\t<\/div>\n\t\t\t\t\t<\/div>\n\t\t<\/div>\n\t\t\t\t\t<\/div>\n\t\t<\/section>\n\t\t\t\t<section class=\"elementor-section elementor-top-section elementor-element elementor-element-2068a68 elementor-section-boxed elementor-section-height-default elementor-section-height-default\" data-id=\"2068a68\" data-element_type=\"section\" data-e-type=\"section\">\n\t\t\t\t\t\t<div class=\"elementor-container elementor-column-gap-default\">\n\t\t\t\t\t<div class=\"elementor-column elementor-col-100 elementor-top-column elementor-element elementor-element-431e45a\" data-id=\"431e45a\" data-element_type=\"column\" data-e-type=\"column\">\n\t\t\t<div class=\"elementor-widget-wrap elementor-element-populated\">\n\t\t\t\t\t\t<div class=\"elementor-element elementor-element-094c3cd elementor-widget elementor-widget-html\" data-id=\"094c3cd\" data-element_type=\"widget\" data-e-type=\"widget\" data-widget_type=\"html.default\">\n\t\t\t\t<div class=\"elementor-widget-container\">\n\t\t\t\t\t<span id=\"form-zoho\"><\/span><span id=\"form-zoho\"><\/span>\t\t\t\t<\/div>\n\t\t\t\t<\/div>\n\t\t\t\t\t<\/div>\n\t\t<\/div>\n\t\t\t\t\t<\/div>\n\t\t<\/section>\n\t\t\t\t<section class=\"elementor-section elementor-top-section elementor-element elementor-element-6e109cc elementor-section-boxed elementor-section-height-default elementor-section-height-default\" data-id=\"6e109cc\" data-element_type=\"section\" data-e-type=\"section\" data-settings=\"{&quot;background_background&quot;:&quot;gradient&quot;}\">\n\t\t\t\t\t\t\t<div class=\"elementor-background-overlay\"><\/div>\n\t\t\t\t\t\t\t<div class=\"elementor-container elementor-column-gap-default\">\n\t\t\t\t\t<div class=\"elementor-column elementor-col-50 elementor-top-column elementor-element elementor-element-8600a52\" data-id=\"8600a52\" data-element_type=\"column\" data-e-type=\"column\" data-settings=\"{&quot;background_background&quot;:&quot;classic&quot;}\">\n\t\t\t<div class=\"elementor-widget-wrap elementor-element-populated\">\n\t\t\t\t\t\t<div class=\"elementor-element elementor-element-547eb37 elementor-widget elementor-widget-text-editor\" data-id=\"547eb37\" data-element_type=\"widget\" data-e-type=\"widget\" data-widget_type=\"text-editor.default\">\n\t\t\t\t<div class=\"elementor-widget-container\">\n\t\t\t\t\t\t\t\t\t<p><\/p>\n<p>Sie haben Fragen oder w\u00fcnschen eine individuelle Beratung?<\/p>\n<h2>Dann nehmen Sie gerne \u00fcber das Formular rechts Kontakt mit den <strong>Expertinnen und Experten von tipee<\/strong>&nbsp;auf.<\/h2>\n<p><\/p>\n<p>Sie werden sich schnellstm\u00f6glich mit Ihnen in Verbindung setzen und Ihre Fragen beantworten.<\/p>\n<p><\/p>\t\t\t\t\t\t\t\t<\/div>\n\t\t\t\t<\/div>\n\t\t\t\t\t<\/div>\n\t\t<\/div>\n\t\t\t\t<div class=\"elementor-column elementor-col-50 elementor-top-column elementor-element elementor-element-71eef94\" data-id=\"71eef94\" data-element_type=\"column\" data-e-type=\"column\" data-settings=\"{&quot;background_background&quot;:&quot;classic&quot;}\">\n\t\t\t<div class=\"elementor-widget-wrap elementor-element-populated\">\n\t\t\t\t\t\t<div class=\"elementor-element elementor-element-f1d9c5a elementor-widget elementor-widget-html\" data-id=\"f1d9c5a\" data-element_type=\"widget\" data-e-type=\"widget\" data-widget_type=\"html.default\">\n\t\t\t\t<div class=\"elementor-widget-container\">\n\t\t\t\t\t<iframe frameborder=\"0\" style=\"height:730px;width:99%;border:none;\" src='https:\/\/forms.zohopublic.eu\/gammadia\/form\/FormulairesitewebtipeeDE\/formperma\/rPn0G7uGbWQrP6LWnawCBXAYXJxyKRWSWouLKbvmxPk?referrername=form_site_tipee_landing_secteurs_de'><\/iframe>\t\t\t\t<\/div>\n\t\t\t\t<\/div>\n\t\t\t\t\t<\/div>\n\t\t<\/div>\n\t\t\t\t\t<\/div>\n\t\t<\/section>\n\t\t\t\t<\/div>\n\t\t","protected":false},"excerpt":{"rendered":"<p>tipee f\u00fcr alle T\u00e4tigkeitsfelder tipee ist eine Applikation, die unter Ber\u00fccksichtigung der spezifischen Anforderungen jeder Branche und jedes T\u00e4tigkeitsfeldes entwickelt wurde. Entdecken Sie, wie tipee Sie abh\u00e4ngig von Ihrem Bereich beim HR-Management unterst\u00fctzen kann. Demo buchen Pers\u00f6nliche Beratung Sie haben Fragen oder w\u00fcnschen eine individuelle Beratung? Dann nehmen Sie gerne \u00fcber das Formular rechts Kontakt [&hellip;]<\/p>\n","protected":false},"author":1,"featured_media":0,"parent":0,"menu_order":0,"comment_status":"closed","ping_status":"closed","template":"","meta":{"footnotes":""},"categories":[137],"tags":[],"class_list":["post-26936","page","type-page","status-publish","hentry","category-branchen-und-taetigkeitsfelder"],"_links":{"self":[{"href":"https:\/\/www.tipee.ch\/de\/wp-json\/wp\/v2\/pages\/26936","targetHints":{"allow":["GET"]}}],"collection":[{"href":"https:\/\/www.tipee.ch\/de\/wp-json\/wp\/v2\/pages"}],"about":[{"href":"https:\/\/www.tipee.ch\/de\/wp-json\/wp\/v2\/types\/page"}],"author":[{"embeddable":true,"href":"https:\/\/www.tipee.ch\/de\/wp-json\/wp\/v2\/users\/1"}],"replies":[{"embeddable":true,"href":"https:\/\/www.tipee.ch\/de\/wp-json\/wp\/v2\/comments?post=26936"}],"version-history":[{"count":29,"href":"https:\/\/www.tipee.ch\/de\/wp-json\/wp\/v2\/pages\/26936\/revisions"}],"predecessor-version":[{"id":43878,"href":"https:\/\/www.tipee.ch\/de\/wp-json\/wp\/v2\/pages\/26936\/revisions\/43878"}],"wp:attachment":[{"href":"https:\/\/www.tipee.ch\/de\/wp-json\/wp\/v2\/media?parent=26936"}],"wp:term":[{"taxonomy":"category","embeddable":true,"href":"https:\/\/www.tipee.ch\/de\/wp-json\/wp\/v2\/categories?post=26936"},{"taxonomy":"post_tag","embeddable":true,"href":"https:\/\/www.tipee.ch\/de\/wp-json\/wp\/v2\/tags?post=26936"}],"curies":[{"name":"wp","href":"https:\/\/api.w.org\/{rel}","templated":true}]}}