{"id":38897,"date":"2023-06-21T07:46:12","date_gmt":"2023-06-21T05:46:12","guid":{"rendered":"https:\/\/www.tipee.ch\/?page_id=38897"},"modified":"2025-11-06T16:21:53","modified_gmt":"2025-11-06T15:21:53","slug":"einloggen","status":"publish","type":"page","link":"https:\/\/www.tipee.ch\/de\/einloggen\/","title":{"rendered":"Einloggen"},"content":{"rendered":"\t\t<div data-elementor-type=\"wp-page\" data-elementor-id=\"38897\" class=\"elementor elementor-38897 elementor-20495\" data-elementor-post-type=\"page\">\n\t\t\t\t\t\t<section class=\"elementor-section elementor-top-section elementor-element elementor-element-9bb080f elementor-section-boxed elementor-section-height-default elementor-section-height-default\" data-id=\"9bb080f\" data-element_type=\"section\" data-e-type=\"section\">\n\t\t\t\t\t\t\t<div class=\"elementor-background-overlay\"><\/div>\n\t\t\t\t\t\t\t<div class=\"elementor-container elementor-column-gap-custom\">\n\t\t\t\t\t<div class=\"elementor-column elementor-col-50 elementor-top-column elementor-element elementor-element-12e930d\" data-id=\"12e930d\" data-element_type=\"column\" data-e-type=\"column\">\n\t\t\t<div class=\"elementor-widget-wrap elementor-element-populated\">\n\t\t\t\t\t\t<div class=\"elementor-element elementor-element-81495f3 elementor-widget elementor-widget-heading\" data-id=\"81495f3\" data-element_type=\"widget\" data-e-type=\"widget\" data-widget_type=\"heading.default\">\n\t\t\t\t<div class=\"elementor-widget-container\">\n\t\t\t\t\t<h1 class=\"elementor-heading-title elementor-size-default\">Wie melde ich mich bei tipee an?<\/h1>\t\t\t\t<\/div>\n\t\t\t\t<\/div>\n\t\t\t\t<div class=\"elementor-element elementor-element-7903bfb elementor-widget elementor-widget-text-editor\" data-id=\"7903bfb\" data-element_type=\"widget\" data-e-type=\"widget\" data-widget_type=\"text-editor.default\">\n\t\t\t\t<div class=\"elementor-widget-container\">\n\t\t\t\t\t\t\t\t\t<p>tipee ist eine 100\u202f% webbasierte Anwendung \u2013 das bedeutet, Sie k\u00f6nnen jederzeit und von \u00fcberall auf Ihr Konto zugreifen, ohne eine Software auf Ihrem Computer oder dem Server Ihres Unternehmens installieren zu m\u00fcssen.<\/p><p>F\u00fcr den Login bei tipee ben\u00f6tigen Sie lediglich<strong> eine spezifische URL sowie Ihre pers\u00f6nlichen Zugangsdaten<\/strong>. So k\u00f6nnen Sie sich ganz einfach und effizient <strong>\u00fcber Ihren Computer, Ihr Tablet oder Ihr Smartphone<\/strong> anmelden.<\/p>\t\t\t\t\t\t\t\t<\/div>\n\t\t\t\t<\/div>\n\t\t\t\t\t<\/div>\n\t\t<\/div>\n\t\t\t\t<div class=\"elementor-column elementor-col-50 elementor-top-column elementor-element elementor-element-ca7cd94\" data-id=\"ca7cd94\" data-element_type=\"column\" data-e-type=\"column\">\n\t\t\t<div class=\"elementor-widget-wrap elementor-element-populated\">\n\t\t\t\t\t\t<div class=\"elementor-element elementor-element-9309c3b elementor-widget elementor-widget-image\" data-id=\"9309c3b\" data-element_type=\"widget\" data-e-type=\"widget\" data-widget_type=\"image.default\">\n\t\t\t\t<div class=\"elementor-widget-container\">\n\t\t\t\t\t\t\t\t\t\t\t\t\t\t\t<img fetchpriority=\"high\" decoding=\"async\" width=\"800\" height=\"489\" src=\"https:\/\/www.tipee.ch\/wp-content\/uploads\/2023\/06\/login-tipee-multi-devices.png\" class=\"attachment-large size-large wp-image-20687\" alt=\"\" srcset=\"https:\/\/www.tipee.ch\/wp-content\/uploads\/2023\/06\/login-tipee-multi-devices.png 865w, https:\/\/www.tipee.ch\/wp-content\/uploads\/2023\/06\/login-tipee-multi-devices-300x183.png 300w, https:\/\/www.tipee.ch\/wp-content\/uploads\/2023\/06\/login-tipee-multi-devices-768x470.png 768w\" sizes=\"(max-width: 800px) 100vw, 800px\">\t\t\t\t\t\t\t\t\t\t\t\t\t\t\t<\/div>\n\t\t\t\t<\/div>\n\t\t\t\t\t<\/div>\n\t\t<\/div>\n\t\t\t\t\t<\/div>\n\t\t<\/section>\n\t\t\t\t<section class=\"elementor-section elementor-top-section elementor-element elementor-element-643e0f4 elementor-section-boxed elementor-section-height-default elementor-section-height-default\" data-id=\"643e0f4\" data-element_type=\"section\" data-e-type=\"section\">\n\t\t\t\t\t\t<div class=\"elementor-container elementor-column-gap-default\">\n\t\t\t\t\t<div class=\"elementor-column elementor-col-100 elementor-top-column elementor-element elementor-element-5bd1eef5\" data-id=\"5bd1eef5\" data-element_type=\"column\" data-e-type=\"column\">\n\t\t\t<div class=\"elementor-widget-wrap elementor-element-populated\">\n\t\t\t\t\t\t<div class=\"elementor-element elementor-element-8541782 elementor-widget elementor-widget-heading\" data-id=\"8541782\" data-element_type=\"widget\" data-e-type=\"widget\" data-widget_type=\"heading.default\">\n\t\t\t\t<div class=\"elementor-widget-container\">\n\t\t\t\t\t<h2 class=\"elementor-heading-title elementor-size-default\">Sie sind tipee-Nutzer:in und k\u00f6nnen sich nicht in Ihr pers\u00f6nliches Konto einloggen?<\/h2>\t\t\t\t<\/div>\n\t\t\t\t<\/div>\n\t\t\t\t<div class=\"elementor-element elementor-element-712fc3e elementor-widget elementor-widget-text-editor\" data-id=\"712fc3e\" data-element_type=\"widget\" data-e-type=\"widget\" data-widget_type=\"text-editor.default\">\n\t\t\t\t<div class=\"elementor-widget-container\">\n\t\t\t\t\t\t\t\t\t<p>Um auf Ihre tipee-Instanz zuzugreifen, m\u00fcssen Sie sich \u00fcber die unternehmensspezifische URL anmelden. Diese wurde der zust\u00e4ndigen Person in Ihrem Unternehmen oder Ihrer Organisation mitgeteilt. Ganz einfach \u2013 fragen Sie bei der entsprechenden Ansprechperson nach! <\/p>\n<p>Wenden Sie sich auch an Ihre zust\u00e4ndige Person, falls Sie Ihre Zugangsdaten vergessen oder verloren haben \u2013 <strong>aus Sicherheitsgr\u00fcnden hat tipee keinen Zugriff auf die Login-Daten seiner Kund:innen.<\/strong><\/p>\t\t\t\t\t\t\t\t<\/div>\n\t\t\t\t<\/div>\n\t\t\t\t<div class=\"elementor-element elementor-element-cba7fb2 elementor-widget elementor-widget-heading\" data-id=\"cba7fb2\" data-element_type=\"widget\" data-e-type=\"widget\" data-widget_type=\"heading.default\">\n\t\t\t\t<div class=\"elementor-widget-container\">\n\t\t\t\t\t<h2 class=\"elementor-heading-title elementor-size-default\">Sobald Sie bei tipee eingeloggt sind, bietet Ihnen die Anwendung folgende M\u00f6glichkeiten:<\/h2>\t\t\t\t<\/div>\n\t\t\t\t<\/div>\n\t\t\t\t<div class=\"elementor-element elementor-element-b99cb81 elementor-tabs-view-horizontal elementor-widget elementor-widget-tabs\" data-id=\"b99cb81\" data-element_type=\"widget\" data-e-type=\"widget\" data-widget_type=\"tabs.default\">\n\t\t\t\t<div class=\"elementor-widget-container\">\n\t\t\t\t\t\t\t<div class=\"elementor-tabs\">\n\t\t\t<div class=\"elementor-tabs-wrapper\" role=\"tablist\" >\n\t\t\t\t\t\t\t\t\t<div id=\"elementor-tab-title-1941\" class=\"elementor-tab-title elementor-tab-desktop-title\" aria-selected=\"true\" data-tab=\"1\" role=\"tab\" tabindex=\"0\" aria-controls=\"elementor-tab-content-1941\" aria-expanded=\"false\">F\u00fcr Administrator:innen des Kontos<\/div>\n\t\t\t\t\t\t\t\t\t<div id=\"elementor-tab-title-1942\" class=\"elementor-tab-title elementor-tab-desktop-title\" aria-selected=\"false\" data-tab=\"2\" role=\"tab\" tabindex=\"-1\" aria-controls=\"elementor-tab-content-1942\" aria-expanded=\"false\">F\u00fcr Mitarbeitende<\/div>\n\t\t\t\t\t\t\t<\/div>\n\t\t\t<div class=\"elementor-tabs-content-wrapper\" role=\"tablist\" aria-orientation=\"vertical\">\n\t\t\t\t\t\t\t\t\t<div class=\"elementor-tab-title elementor-tab-mobile-title\" aria-selected=\"true\" data-tab=\"1\" role=\"tab\" tabindex=\"0\" aria-controls=\"elementor-tab-content-1941\" aria-expanded=\"false\">F\u00fcr Administrator:innen des Kontos<\/div>\n\t\t\t\t\t<div id=\"elementor-tab-content-1941\" class=\"elementor-tab-content elementor-clearfix\" data-tab=\"1\" role=\"tabpanel\" aria-labelledby=\"elementor-tab-title-1941\" tabindex=\"0\" hidden=\"false\"><ul>\n<li><a href=\"https:\/\/www.tipee.ch\/de\/zeiterfassungssystem\/einsatzplanung\/\" target=\"_blank\" rel=\"noopener\">Planungen<\/a>, Pr\u00e4senzzeiten und Abwesenheiten der Mitarbeitenden organisieren und einsehen<\/li>\n<li>Ein- und Ausstempelungen der Mitarbeitenden validieren<\/li>\n<li>Stunden- und Feriensaldi einsehen<\/li>\n<li>Ferienantr\u00e4ge mit einem Klick validieren oder vorvalidieren<\/li>\n<li>Effektive Arbeitsstunden nach Projekt oder Kunde zuweisen<\/li>\n<li>Abwesenheiten erfassen (Weiterbildungen, Krankheit, Mutterschaft usw.)<\/li>\n<\/ul>\n<\/div>\n\t\t\t\t\t\t\t\t\t<div class=\"elementor-tab-title elementor-tab-mobile-title\" aria-selected=\"false\" data-tab=\"2\" role=\"tab\" tabindex=\"-1\" aria-controls=\"elementor-tab-content-1942\" aria-expanded=\"false\">F\u00fcr Mitarbeitende<\/div>\n\t\t\t\t\t<div id=\"elementor-tab-content-1942\" class=\"elementor-tab-content elementor-clearfix\" data-tab=\"2\" role=\"tabpanel\" aria-labelledby=\"elementor-tab-title-1942\" tabindex=\"0\" hidden=\"hidden\"><ul>\n<li>Planung, Pr\u00e4senzzeiten und Abwesenheiten einsehen<\/li>\n<li>Ein- und Ausstempeln direkt via Smartphone oder Desktop<\/li>\n<li>Saldo von Arbeits- und Ferienstunden in Echtzeit einsehen<\/li>\n<li>Ferienantr\u00e4ge mit einem Klick versenden<\/li>\n<li>Effektive Arbeitsstunden nach Projekt oder Kunde zuweisen<\/li>\n<\/ul>\n<\/div>\n\t\t\t\t\t\t\t<\/div>\n\t\t<\/div>\n\t\t\t\t\t\t<\/div>\n\t\t\t\t<\/div>\n\t\t\t\t<div class=\"elementor-element elementor-element-6e47d57 elementor-widget elementor-widget-heading\" data-id=\"6e47d57\" data-element_type=\"widget\" data-e-type=\"widget\" data-widget_type=\"heading.default\">\n\t\t\t\t<div class=\"elementor-widget-container\">\n\t\t\t\t\t<h2 class=\"elementor-heading-title elementor-size-default\">Sind Sie tipee-Kunde und ben\u00f6tigen Unterst\u00fctzung&nbsp;?<\/h2>\t\t\t\t<\/div>\n\t\t\t\t<\/div>\n\t\t\t\t<div class=\"elementor-element elementor-element-6e031e3 elementor-widget elementor-widget-text-editor\" data-id=\"6e031e3\" data-element_type=\"widget\" data-e-type=\"widget\" data-widget_type=\"text-editor.default\">\n\t\t\t\t<div class=\"elementor-widget-container\">\n\t\t\t\t\t\t\t\t\t<p>tipee bietet einen Support-Service, der Ihnen bei der L\u00f6sung Ihres Anliegens aus der Ferne hilft. Dar\u00fcber hinaus steht Ihnen eine umfangreiche <strong>Wissensdatenbank<\/strong>, <strong>Video-Tutorials<\/strong> sowie <strong>Online-Schulungen<\/strong> zur Verf\u00fcgung, damit Sie die Anwendung optimal nutzen k\u00f6nnen. <\/p><p>Alle diese Informationen sind direkt in der App \u00fcber den Button \u201e?\u201c oben links im Kopfbereich zug\u00e4nglich.<\/p>\t\t\t\t\t\t\t\t<\/div>\n\t\t\t\t<\/div>\n\t\t\t\t<div class=\"elementor-element elementor-element-d25dc73 elementor-widget elementor-widget-image\" data-id=\"d25dc73\" data-element_type=\"widget\" data-e-type=\"widget\" data-widget_type=\"image.default\">\n\t\t\t\t<div class=\"elementor-widget-container\">\n\t\t\t\t\t\t\t\t\t\t\t\t\t\t\t<img decoding=\"async\" width=\"800\" height=\"490\" src=\"https:\/\/www.tipee.ch\/wp-content\/uploads\/2023\/06\/page-aide-mockup.png\" class=\"attachment-large size-large wp-image-20717\" alt=\"page aide de l&#039;application tipee\" srcset=\"https:\/\/www.tipee.ch\/wp-content\/uploads\/2023\/06\/page-aide-mockup.png 828w, https:\/\/www.tipee.ch\/wp-content\/uploads\/2023\/06\/page-aide-mockup-300x184.png 300w, https:\/\/www.tipee.ch\/wp-content\/uploads\/2023\/06\/page-aide-mockup-768x470.png 768w\" sizes=\"(max-width: 800px) 100vw, 800px\" \/>\t\t\t\t\t\t\t\t\t\t\t\t\t\t\t<\/div>\n\t\t\t\t<\/div>\n\t\t\t\t\t<\/div>\n\t\t<\/div>\n\t\t\t\t\t<\/div>\n\t\t<\/section>\n\t\t\t\t<\/div>\n\t\t","protected":false},"excerpt":{"rendered":"<p>Wie melde ich mich bei tipee an? tipee ist eine 100\u202f% webbasierte Anwendung \u2013 das bedeutet, Sie k\u00f6nnen jederzeit und von \u00fcberall auf Ihr Konto zugreifen, ohne eine Software auf Ihrem Computer oder dem Server Ihres Unternehmens installieren zu m\u00fcssen. F\u00fcr den Login bei tipee ben\u00f6tigen Sie lediglich eine spezifische URL sowie Ihre pers\u00f6nlichen Zugangsdaten. [&hellip;]<\/p>\n","protected":false},"author":1,"featured_media":0,"parent":0,"menu_order":0,"comment_status":"closed","ping_status":"closed","template":"","meta":{"footnotes":""},"categories":[],"tags":[],"class_list":["post-38897","page","type-page","status-publish","hentry"],"_links":{"self":[{"href":"https:\/\/www.tipee.ch\/de\/wp-json\/wp\/v2\/pages\/38897","targetHints":{"allow":["GET"]}}],"collection":[{"href":"https:\/\/www.tipee.ch\/de\/wp-json\/wp\/v2\/pages"}],"about":[{"href":"https:\/\/www.tipee.ch\/de\/wp-json\/wp\/v2\/types\/page"}],"author":[{"embeddable":true,"href":"https:\/\/www.tipee.ch\/de\/wp-json\/wp\/v2\/users\/1"}],"replies":[{"embeddable":true,"href":"https:\/\/www.tipee.ch\/de\/wp-json\/wp\/v2\/comments?post=38897"}],"version-history":[{"count":7,"href":"https:\/\/www.tipee.ch\/de\/wp-json\/wp\/v2\/pages\/38897\/revisions"}],"predecessor-version":[{"id":43883,"href":"https:\/\/www.tipee.ch\/de\/wp-json\/wp\/v2\/pages\/38897\/revisions\/43883"}],"wp:attachment":[{"href":"https:\/\/www.tipee.ch\/de\/wp-json\/wp\/v2\/media?parent=38897"}],"wp:term":[{"taxonomy":"category","embeddable":true,"href":"https:\/\/www.tipee.ch\/de\/wp-json\/wp\/v2\/categories?post=38897"},{"taxonomy":"post_tag","embeddable":true,"href":"https:\/\/www.tipee.ch\/de\/wp-json\/wp\/v2\/tags?post=38897"}],"curies":[{"name":"wp","href":"https:\/\/api.w.org\/{rel}","templated":true}]}}